{"id":85,"date":"2023-12-07T16:30:37","date_gmt":"2023-12-07T16:30:37","guid":{"rendered":"https:\/\/svarogtransport.com\/index.php\/about\/"},"modified":"2025-09-16T09:16:16","modified_gmt":"2025-09-16T09:16:16","slug":"about","status":"publish","type":"page","link":"https:\/\/svarogtransport.com\/en\/about\/","title":{"rendered":"About"},"content":{"rendered":"<div data-elementor-type=\"wp-page\" data-elementor-id=\"85\" class=\"elementor elementor-85\" data-elementor-post-type=\"page\">\n\t\t\t\t<div class=\"elementor-element elementor-element-6243c292 e-con-full e-flex e-con e-parent\" data-id=\"6243c292\" data-element_type=\"container\" data-settings=\"{&quot;background_background&quot;:&quot;classic&quot;}\">\n\t\t<div class=\"elementor-element elementor-element-3c6dcbe0 e-con-full e-flex e-con e-child\" data-id=\"3c6dcbe0\" data-element_type=\"container\" data-settings=\"{&quot;background_background&quot;:&quot;classic&quot;}\">\n\t\t\t\t<div class=\"elementor-element elementor-element-361fbd68 elementor-cta--skin-cover elementor-widget elementor-widget-call-to-action\" data-id=\"361fbd68\" data-element_type=\"widget\" data-widget_type=\"call-to-action.default\">\n\t\t\t\t<div class=\"elementor-widget-container\">\n\t\t\t<link rel=\"stylesheet\" href=\"https:\/\/svarogtransport.com\/wp-content\/plugins\/elementor-pro\/assets\/css\/widget-call-to-action.min.css\">\t\t<div class=\"elementor-cta\" data-e-bg-lazyload=\".elementor-bg\">\n\t\t\t\t\t<div class=\"elementor-cta__bg-wrapper\">\n\t\t\t\t<div class=\"elementor-cta__bg elementor-bg\" style=\"background-image: var(--e-bg-lazyload-loaded); --e-bg-lazyload: url();\" role=\"img\" aria-label=\"\"><\/div>\n\t\t\t\t<div class=\"elementor-cta__bg-overlay\"><\/div>\n\t\t\t<\/div>\n\t\t\t\t\t\t\t<div class=\"elementor-cta__content\">\n\t\t\t\t\n\t\t\t\t\t\t\t\t\t<h1 class=\"elementor-cta__title elementor-cta__content-item elementor-content-item\">\n\t\t\t\t\t\tABOUT US\t\t\t\t\t<\/h1>\n\t\t\t\t\n\t\t\t\t\n\t\t\t\t\t\t\t<\/div>\n\t\t\t\t\t\t<\/div>\n\t\t\t\t<\/div>\n\t\t\t\t<\/div>\n\t\t\t\t<\/div>\n\t\t\t\t<\/div>\n\t\t<div class=\"elementor-element elementor-element-7c3de7a0 e-flex e-con-boxed e-con e-parent\" data-id=\"7c3de7a0\" data-element_type=\"container\" data-settings=\"{&quot;background_background&quot;:&quot;classic&quot;}\">\n\t\t\t\t\t<div class=\"e-con-inner\">\n\t\t<div class=\"elementor-element elementor-element-25715ac0 e-con-full e-flex e-con e-child\" data-id=\"25715ac0\" data-element_type=\"container\" data-settings=\"{&quot;background_background&quot;:&quot;classic&quot;}\">\n\t\t\t\t<div class=\"elementor-element elementor-element-8971a12 elementor-widget elementor-widget-text-editor\" data-id=\"8971a12\" data-element_type=\"widget\" data-widget_type=\"text-editor.default\">\n\t\t\t\t<div class=\"elementor-widget-container\">\n\t\t\t<style>\/*! elementor - v3.23.0 - 05-08-2024 *\/\n.elementor-widget-text-editor.elementor-drop-cap-view-stacked .elementor-drop-cap{background-color:#69727d;color:#fff}.elementor-widget-text-editor.elementor-drop-cap-view-framed .elementor-drop-cap{color:#69727d;border:3px solid;background-color:transparent}.elementor-widget-text-editor:not(.elementor-drop-cap-view-default) .elementor-drop-cap{margin-top:8px}.elementor-widget-text-editor:not(.elementor-drop-cap-view-default) .elementor-drop-cap-letter{width:1em;height:1em}.elementor-widget-text-editor .elementor-drop-cap{float:left;text-align:center;line-height:1;font-size:50px}.elementor-widget-text-editor .elementor-drop-cap-letter{display:inline-block}<\/style>\t\t\t\t<p data-start=\"151\" data-end=\"417\"><strong data-start=\"169\" data-end=\"202\">Welcome to Svarog Transport<\/strong>,<\/p><p data-start=\"151\" data-end=\"417\" class=\"translation-block\">where family values meet modern transportation solutions.<br data-start=\"282\" data-end=\"285\">Founded in Serbia in 2024, as a young and dynamic company, we are setting new standards in the transportation industry.<\/p><p data-start=\"419\" data-end=\"728\"><strong data-start=\"419\" data-end=\"433\">Our story<\/strong><\/p><p data-start=\"419\" data-end=\"728\" class=\"translation-block\"><br data-start=\"439\" data-end=\"442\">Svarog Transport is more than just a company \u2013 it is a testament to the vision and determination of a family striving to leave a mark in the world of transportation.<br data-start=\"576\" data-end=\"579\">Our journey began with a shared goal: to provide top-quality transportation services that combine reliability, innovation, and a personal approach.<\/p>\t\t\t\t\t\t<\/div>\n\t\t\t\t<\/div>\n\t\t<div class=\"elementor-element elementor-element-28426449 e-flex e-con-boxed e-con e-child\" data-id=\"28426449\" data-element_type=\"container\" data-settings=\"{&quot;background_background&quot;:&quot;classic&quot;}\">\n\t\t\t\t\t<div class=\"e-con-inner\">\n\t\t\t\t<div class=\"elementor-element elementor-element-4cddd75 elementor-widget elementor-widget-text-editor\" data-id=\"4cddd75\" data-element_type=\"widget\" data-widget_type=\"text-editor.default\">\n\t\t\t\t<div class=\"elementor-widget-container\">\n\t\t\t\t\t\t\t<p data-start=\"99\" data-end=\"237\"><strong data-start=\"117\" data-end=\"150\">The Svarog Transport Difference<\/strong><\/p><p data-start=\"99\" data-end=\"237\"><br data-start=\"150\" data-end=\"153\" \/>What sets us apart is our commitment to excellence and the values that drive us forward<\/p><ul data-start=\"239\" data-end=\"1010\"><li data-start=\"239\" data-end=\"422\"><p data-start=\"241\" data-end=\"422\" class=\"translation-block\"><strong data-start=\"241\" data-end=\"263\">Family-Centric Approach:<\/strong> As a family-owned company, we understand the importance of genuine connections. Our commitment to treating every client as part of the family lies at the very core of our business.<\/p><\/li><li data-start=\"423\" data-end=\"639\"><p data-start=\"425\" data-end=\"639\" class=\"translation-block\"><strong data-start=\"425\" data-end=\"439\">Innovation:<\/strong> Although we are a young company, we bring a fresh perspective to the industry. We embrace technological advancements and modern solutions to meet your transportation needs with maximum efficiency and precision.<\/p><\/li><li data-start=\"640\" data-end=\"826\"><p data-start=\"642\" data-end=\"826\" class=\"translation-block\"><strong data-start=\"642\" data-end=\"677\">Local Roots, Global Reach:<\/strong> We take pride in our European roots, but our services extend far beyond, connecting you to a world of opportunities through our extensive transportation network.<\/p><\/li><li data-start=\"827\" data-end=\"1010\"><p data-start=\"829\" data-end=\"1010\" class=\"translation-block\"><strong data-start=\"829\" data-end=\"856\">Reliability and Trust:<\/strong> Trust is the foundation of every partnership. At Svarog Transport, we build it through reliability, transparency, and an unwavering commitment to keeping our promises.<\/p><\/li><\/ul><p data-start=\"1012\" data-end=\"1338\" class=\"translation-block\"><strong data-start=\"1012\" data-end=\"1027\">Our Services<\/strong><br data-start=\"1027\" data-end=\"1030\">From local routes across Europe to international corridors connecting the entire continent, Svarog Transport offers a wide range of transportation services tailored to your needs.<br data-start=\"1196\" data-end=\"1199\">Whether you are a small business seeking efficient logistics solutions or a large company in need of a reliable partner \u2013 we are here for you.<\/p><p data-start=\"1340\" data-end=\"1617\" class=\"translation-block\"><strong data-start=\"1340\" data-end=\"1367\">Join the Journey<\/strong><br data-start=\"1367\" data-end=\"1370\">At Svarog Transport, we invite you to join us on our shared journey through the world of logistics and transportation.<br data-start=\"1477\" data-end=\"1480\">As a young family company, every client becomes part of our story, and every shipment is an opportunity to showcase the passion that drives our business.<\/p>\t\t\t\t\t\t<\/div>\n\t\t\t\t<\/div>\n\t\t\t\t<div class=\"elementor-element elementor-element-453a5073 elementor-widget elementor-widget-text-editor\" data-id=\"453a5073\" data-element_type=\"widget\" data-widget_type=\"text-editor.default\">\n\t\t\t\t<div class=\"elementor-widget-container\">\n\t\t\t\t\t\t\t<p>Discover a transportation experience that goes beyond expectations. Welcome to Svarog Transport, where your journey is our priority.<\/p>\t\t\t\t\t\t<\/div>\n\t\t\t\t<\/div>\n\t\t\t\t\t<\/div>\n\t\t\t\t<\/div>\n\t\t\t\t<\/div>\n\t\t\t\t\t<\/div>\n\t\t\t\t<\/div>\n\t\t<div class=\"elementor-element elementor-element-0cef949 e-flex e-con-boxed e-con e-parent\" data-id=\"0cef949\" data-element_type=\"container\">\n\t\t\t\t\t<div class=\"e-con-inner\">\n\t\t\t\t<div class=\"elementor-element elementor-element-81d9b9a elementor-widget elementor-widget-spacer\" data-id=\"81d9b9a\" data-element_type=\"widget\" data-widget_type=\"spacer.default\">\n\t\t\t\t<div class=\"elementor-widget-container\">\n\t\t\t<style>\/*! elementor - v3.23.0 - 05-08-2024 *\/\n.elementor-column .elementor-spacer-inner{height:var(--spacer-size)}.e-con{--container-widget-width:100%}.e-con-inner>.elementor-widget-spacer,.e-con>.elementor-widget-spacer{width:var(--container-widget-width,var(--spacer-size));--align-self:var(--container-widget-align-self,initial);--flex-shrink:0}.e-con-inner>.elementor-widget-spacer>.elementor-widget-container,.e-con>.elementor-widget-spacer>.elementor-widget-container{height:100%;width:100%}.e-con-inner>.elementor-widget-spacer>.elementor-widget-container>.elementor-spacer,.e-con>.elementor-widget-spacer>.elementor-widget-container>.elementor-spacer{height:100%}.e-con-inner>.elementor-widget-spacer>.elementor-widget-container>.elementor-spacer>.elementor-spacer-inner,.e-con>.elementor-widget-spacer>.elementor-widget-container>.elementor-spacer>.elementor-spacer-inner{height:var(--container-widget-height,var(--spacer-size))}.e-con-inner>.elementor-widget-spacer.elementor-widget-empty,.e-con>.elementor-widget-spacer.elementor-widget-empty{position:relative;min-height:22px;min-width:22px}.e-con-inner>.elementor-widget-spacer.elementor-widget-empty .elementor-widget-empty-icon,.e-con>.elementor-widget-spacer.elementor-widget-empty .elementor-widget-empty-icon{position:absolute;top:0;bottom:0;left:0;right:0;margin:auto;padding:0;width:22px;height:22px}<\/style>\t\t<div class=\"elementor-spacer\">\n\t\t\t<div class=\"elementor-spacer-inner\"><\/div>\n\t\t<\/div>\n\t\t\t\t<\/div>\n\t\t\t\t<\/div>\n\t\t\t\t\t<\/div>\n\t\t\t\t<\/div>\n\t\t\t\t<\/div>","protected":false},"excerpt":{"rendered":"<p>O NAMA Dobrodo\u0161li u Svarog Transport, gde se porodi\u010dne vrednosti spajaju sa savremenim transportnim re\u0161enjima.Osnovani u Srbiji 2024. godine, kao mlada i dinami\u010dna firma, postavljamo nove standarde u transportnoj industriji. Na\u0161a pri\u010da Svarog Transport je vi\u0161e od obi\u010dne kompanije \u2013 to je dokaz vizije i odlu\u010dnosti jedne porodice da ostavi trag u svetu transporta.Na\u0161e putovanje [&hellip;]<\/p>","protected":false},"author":1,"featured_media":1058,"parent":0,"menu_order":0,"comment_status":"closed","ping_status":"closed","template":"elementor_header_footer","meta":{"footnotes":""},"class_list":["post-85","page","type-page","status-publish","has-post-thumbnail","hentry"],"yoast_head":"<!-- This site is optimized with the Yoast SEO plugin v25.8 - https:\/\/yoast.com\/wordpress\/plugins\/seo\/ -->\n<title>About - Svarog Transport<\/title>\n<meta name=\"robots\" content=\"index, follow, max-snippet:-1, max-image-preview:large, max-video-preview:-1\" \/>\n<link rel=\"canonical\" href=\"https:\/\/svarogtransport.com\/en\/about\/\" \/>\n<meta property=\"og:locale\" content=\"en_US\" \/>\n<meta property=\"og:type\" content=\"article\" \/>\n<meta property=\"og:title\" content=\"About - Svarog Transport\" \/>\n<meta property=\"og:description\" content=\"O NAMA Dobrodo\u0161li u Svarog Transport, gde se porodi\u010dne vrednosti spajaju sa savremenim transportnim re\u0161enjima.Osnovani u Srbiji 2024. godine, kao mlada i dinami\u010dna firma, postavljamo nove standarde u transportnoj industriji. Na\u0161a pri\u010da Svarog Transport je vi\u0161e od obi\u010dne kompanije \u2013 to je dokaz vizije i odlu\u010dnosti jedne porodice da ostavi trag u svetu transporta.Na\u0161e putovanje [&hellip;]\" \/>\n<meta property=\"og:url\" content=\"https:\/\/svarogtransport.com\/en\/about\/\" \/>\n<meta property=\"og:site_name\" content=\"Svarog Transport\" \/>\n<meta property=\"article:modified_time\" content=\"2025-09-16T09:16:16+00:00\" \/>\n<meta property=\"og:image\" content=\"https:\/\/svarogtransport.com\/wp-content\/uploads\/2023\/12\/ashline_image_14.jpg\" \/>\n\t<meta property=\"og:image:width\" content=\"1920\" \/>\n\t<meta property=\"og:image:height\" content=\"1080\" \/>\n\t<meta property=\"og:image:type\" content=\"image\/jpeg\" \/>\n<meta name=\"twitter:card\" content=\"summary_large_image\" \/>\n<meta name=\"twitter:label1\" content=\"Est. reading time\" \/>\n\t<meta name=\"twitter:data1\" content=\"2 minutes\" \/>\n<script type=\"application\/ld+json\" class=\"yoast-schema-graph\">{\"@context\":\"https:\/\/schema.org\",\"@graph\":[{\"@type\":\"WebPage\",\"@id\":\"https:\/\/svarogtransport.com\/about\/\",\"url\":\"https:\/\/svarogtransport.com\/about\/\",\"name\":\"About - Svarog Transport\",\"isPartOf\":{\"@id\":\"https:\/\/svarogtransport.com\/#website\"},\"primaryImageOfPage\":{\"@id\":\"https:\/\/svarogtransport.com\/about\/#primaryimage\"},\"image\":{\"@id\":\"https:\/\/svarogtransport.com\/about\/#primaryimage\"},\"thumbnailUrl\":\"https:\/\/svarogtransport.com\/wp-content\/uploads\/2023\/12\/ashline_image_14.jpg\",\"datePublished\":\"2023-12-07T16:30:37+00:00\",\"dateModified\":\"2025-09-16T09:16:16+00:00\",\"breadcrumb\":{\"@id\":\"https:\/\/svarogtransport.com\/about\/#breadcrumb\"},\"inLanguage\":\"en-US\",\"potentialAction\":[{\"@type\":\"ReadAction\",\"target\":[\"https:\/\/svarogtransport.com\/about\/\"]}]},{\"@type\":\"ImageObject\",\"inLanguage\":\"en-US\",\"@id\":\"https:\/\/svarogtransport.com\/about\/#primaryimage\",\"url\":\"https:\/\/svarogtransport.com\/wp-content\/uploads\/2023\/12\/ashline_image_14.jpg\",\"contentUrl\":\"https:\/\/svarogtransport.com\/wp-content\/uploads\/2023\/12\/ashline_image_14.jpg\",\"width\":1920,\"height\":1080},{\"@type\":\"BreadcrumbList\",\"@id\":\"https:\/\/svarogtransport.com\/about\/#breadcrumb\",\"itemListElement\":[{\"@type\":\"ListItem\",\"position\":1,\"name\":\"Home\",\"item\":\"https:\/\/svarogtransport.com\/\"},{\"@type\":\"ListItem\",\"position\":2,\"name\":\"About\"}]},{\"@type\":\"WebSite\",\"@id\":\"https:\/\/svarogtransport.com\/#website\",\"url\":\"https:\/\/svarogtransport.com\/\",\"name\":\"Svarog Transport\",\"description\":\"\",\"publisher\":{\"@id\":\"https:\/\/svarogtransport.com\/#organization\"},\"potentialAction\":[{\"@type\":\"SearchAction\",\"target\":{\"@type\":\"EntryPoint\",\"urlTemplate\":\"https:\/\/svarogtransport.com\/?s={search_term_string}\"},\"query-input\":{\"@type\":\"PropertyValueSpecification\",\"valueRequired\":true,\"valueName\":\"search_term_string\"}}],\"inLanguage\":\"en-US\"},{\"@type\":\"Organization\",\"@id\":\"https:\/\/svarogtransport.com\/#organization\",\"name\":\"Svarog Transport\",\"url\":\"https:\/\/svarogtransport.com\/\",\"logo\":{\"@type\":\"ImageObject\",\"inLanguage\":\"en-US\",\"@id\":\"https:\/\/svarogtransport.com\/#\/schema\/logo\/image\/\",\"url\":\"https:\/\/svarogtransport.com\/wp-content\/uploads\/2025\/09\/cropped-svarog_logo_small.jpg\",\"contentUrl\":\"https:\/\/svarogtransport.com\/wp-content\/uploads\/2025\/09\/cropped-svarog_logo_small.jpg\",\"width\":559,\"height\":637,\"caption\":\"Svarog Transport\"},\"image\":{\"@id\":\"https:\/\/svarogtransport.com\/#\/schema\/logo\/image\/\"}}]}<\/script>\n<!-- \/ Yoast SEO plugin. -->","yoast_head_json":{"title":"About - Svarog Transport","robots":{"index":"index","follow":"follow","max-snippet":"max-snippet:-1","max-image-preview":"max-image-preview:large","max-video-preview":"max-video-preview:-1"},"canonical":"https:\/\/svarogtransport.com\/en\/about\/","og_locale":"en_US","og_type":"article","og_title":"About - Svarog Transport","og_description":"O NAMA Dobrodo\u0161li u Svarog Transport, gde se porodi\u010dne vrednosti spajaju sa savremenim transportnim re\u0161enjima.Osnovani u Srbiji 2024. godine, kao mlada i dinami\u010dna firma, postavljamo nove standarde u transportnoj industriji. Na\u0161a pri\u010da Svarog Transport je vi\u0161e od obi\u010dne kompanije \u2013 to je dokaz vizije i odlu\u010dnosti jedne porodice da ostavi trag u svetu transporta.Na\u0161e putovanje [&hellip;]","og_url":"https:\/\/svarogtransport.com\/en\/about\/","og_site_name":"Svarog Transport","article_modified_time":"2025-09-16T09:16:16+00:00","og_image":[{"width":1920,"height":1080,"url":"https:\/\/svarogtransport.com\/wp-content\/uploads\/2023\/12\/ashline_image_14.jpg","type":"image\/jpeg"}],"twitter_card":"summary_large_image","twitter_misc":{"Est. reading time":"2 minutes"},"schema":{"@context":"https:\/\/schema.org","@graph":[{"@type":"WebPage","@id":"https:\/\/svarogtransport.com\/about\/","url":"https:\/\/svarogtransport.com\/about\/","name":"About - Svarog Transport","isPartOf":{"@id":"https:\/\/svarogtransport.com\/#website"},"primaryImageOfPage":{"@id":"https:\/\/svarogtransport.com\/about\/#primaryimage"},"image":{"@id":"https:\/\/svarogtransport.com\/about\/#primaryimage"},"thumbnailUrl":"https:\/\/svarogtransport.com\/wp-content\/uploads\/2023\/12\/ashline_image_14.jpg","datePublished":"2023-12-07T16:30:37+00:00","dateModified":"2025-09-16T09:16:16+00:00","breadcrumb":{"@id":"https:\/\/svarogtransport.com\/about\/#breadcrumb"},"inLanguage":"en-US","potentialAction":[{"@type":"ReadAction","target":["https:\/\/svarogtransport.com\/about\/"]}]},{"@type":"ImageObject","inLanguage":"en-US","@id":"https:\/\/svarogtransport.com\/about\/#primaryimage","url":"https:\/\/svarogtransport.com\/wp-content\/uploads\/2023\/12\/ashline_image_14.jpg","contentUrl":"https:\/\/svarogtransport.com\/wp-content\/uploads\/2023\/12\/ashline_image_14.jpg","width":1920,"height":1080},{"@type":"BreadcrumbList","@id":"https:\/\/svarogtransport.com\/about\/#breadcrumb","itemListElement":[{"@type":"ListItem","position":1,"name":"Home","item":"https:\/\/svarogtransport.com\/"},{"@type":"ListItem","position":2,"name":"About"}]},{"@type":"WebSite","@id":"https:\/\/svarogtransport.com\/#website","url":"https:\/\/svarogtransport.com\/","name":"Svarog Transport","description":"","publisher":{"@id":"https:\/\/svarogtransport.com\/#organization"},"potentialAction":[{"@type":"SearchAction","target":{"@type":"EntryPoint","urlTemplate":"https:\/\/svarogtransport.com\/?s={search_term_string}"},"query-input":{"@type":"PropertyValueSpecification","valueRequired":true,"valueName":"search_term_string"}}],"inLanguage":"en-US"},{"@type":"Organization","@id":"https:\/\/svarogtransport.com\/#organization","name":"Svarog Transport","url":"https:\/\/svarogtransport.com\/","logo":{"@type":"ImageObject","inLanguage":"en-US","@id":"https:\/\/svarogtransport.com\/#\/schema\/logo\/image\/","url":"https:\/\/svarogtransport.com\/wp-content\/uploads\/2025\/09\/cropped-svarog_logo_small.jpg","contentUrl":"https:\/\/svarogtransport.com\/wp-content\/uploads\/2025\/09\/cropped-svarog_logo_small.jpg","width":559,"height":637,"caption":"Svarog Transport"},"image":{"@id":"https:\/\/svarogtransport.com\/#\/schema\/logo\/image\/"}}]}},"_links":{"self":[{"href":"https:\/\/svarogtransport.com\/en\/wp-json\/wp\/v2\/pages\/85","targetHints":{"allow":["GET"]}}],"collection":[{"href":"https:\/\/svarogtransport.com\/en\/wp-json\/wp\/v2\/pages"}],"about":[{"href":"https:\/\/svarogtransport.com\/en\/wp-json\/wp\/v2\/types\/page"}],"author":[{"embeddable":true,"href":"https:\/\/svarogtransport.com\/en\/wp-json\/wp\/v2\/users\/1"}],"replies":[{"embeddable":true,"href":"https:\/\/svarogtransport.com\/en\/wp-json\/wp\/v2\/comments?post=85"}],"version-history":[{"count":43,"href":"https:\/\/svarogtransport.com\/en\/wp-json\/wp\/v2\/pages\/85\/revisions"}],"predecessor-version":[{"id":1788,"href":"https:\/\/svarogtransport.com\/en\/wp-json\/wp\/v2\/pages\/85\/revisions\/1788"}],"wp:featuredmedia":[{"embeddable":true,"href":"https:\/\/svarogtransport.com\/en\/wp-json\/wp\/v2\/media\/1058"}],"wp:attachment":[{"href":"https:\/\/svarogtransport.com\/en\/wp-json\/wp\/v2\/media?parent=85"}],"curies":[{"name":"wp","href":"https:\/\/api.w.org\/{rel}","templated":true}]}}